{"id":6,"date":"2024-02-01T20:40:21","date_gmt":"2024-02-01T20:40:21","guid":{"rendered":"https:\/\/dictionary.patrikrosa.sk\/?page_id=6"},"modified":"2024-02-11T19:56:37","modified_gmt":"2024-02-11T19:56:37","slug":"start","status":"publish","type":"page","link":"https:\/\/dictionary.patrikrosa.sk\/sk\/","title":{"rendered":"\u0160TART"},"content":{"rendered":"<div class=\"wp-block-media-text is-stacked-on-mobile\" style=\"grid-template-columns:58% auto\"><figure class=\"wp-block-media-text__media\"><img loading=\"lazy\" decoding=\"async\" width=\"1024\" height=\"954\" src=\"https:\/\/dictionary.patrikrosa.sk\/wp-content\/uploads\/2024\/02\/fly-1024x954.jpg\" alt=\"\" class=\"wp-image-7 size-full\" srcset=\"https:\/\/dictionary.patrikrosa.sk\/wp-content\/uploads\/2024\/02\/fly-1024x954.jpg 1024w, https:\/\/dictionary.patrikrosa.sk\/wp-content\/uploads\/2024\/02\/fly-300x280.jpg 300w, https:\/\/dictionary.patrikrosa.sk\/wp-content\/uploads\/2024\/02\/fly-768x716.jpg 768w, https:\/\/dictionary.patrikrosa.sk\/wp-content\/uploads\/2024\/02\/fly-1536x1432.jpg 1536w, https:\/\/dictionary.patrikrosa.sk\/wp-content\/uploads\/2024\/02\/fly-150x140.jpg 150w, https:\/\/dictionary.patrikrosa.sk\/wp-content\/uploads\/2024\/02\/fly.jpg 2000w\" sizes=\"auto, (max-width: 1024px) 100vw, 1024px\"><\/figure><div class=\"wp-block-media-text__content\">\n<p class=\"has-luminous-vivid-orange-color has-text-color has-link-color has-large-font-size wp-elements-8b4e31eff26f99134e8177394195c7dc\"><strong>Nikdy nie je neskoro za\u010da\u0165.<\/strong><\/p>\n<\/div><\/div>\n\n\n\n<h2 class=\"wp-block-heading has-vivid-red-color has-text-color has-link-color wp-elements-868ee05ae3509c9d111c1fbc15aaec45\">V\u017edy si treba d\u00e1va\u0165 merate\u013en\u00e9 ciele.<\/h2>\n\n\n\n<figure class=\"wp-block-image size-full\"><img loading=\"lazy\" decoding=\"async\" width=\"967\" height=\"189\" src=\"https:\/\/dictionary.patrikrosa.sk\/wp-content\/uploads\/2024\/02\/task_2024_C_SK.jpg\" alt=\"\" class=\"wp-image-56\" srcset=\"https:\/\/dictionary.patrikrosa.sk\/wp-content\/uploads\/2024\/02\/task_2024_C_SK.jpg 969w, https:\/\/dictionary.patrikrosa.sk\/wp-content\/uploads\/2024\/02\/task_2024_C_SK-300x59.jpg 300w, https:\/\/dictionary.patrikrosa.sk\/wp-content\/uploads\/2024\/02\/task_2024_C_SK-768x152.jpg 768w, https:\/\/dictionary.patrikrosa.sk\/wp-content\/uploads\/2024\/02\/task_2024_C_SK-18x4.jpg 18w, https:\/\/dictionary.patrikrosa.sk\/wp-content\/uploads\/2024\/02\/task_2024_C_SK-150x30.jpg 150w\" sizes=\"auto, (max-width: 967px) 100vw, 967px\"><\/figure>\n\n\n\n<h2 class=\"wp-block-heading has-vivid-red-color has-text-color has-link-color wp-elements-2ccb08ebc1b93f8bc239a9f73667b923\">V\u017edy si treba stanovi\u0165 term\u00edn dokon\u010denia<\/h2>","protected":false},"excerpt":{"rendered":"<p>It&#8217;s never too late to start. You should always set measurable goals. You should always set a deadline for c..<\/p>\n<div class=\"clear-fix\"><\/div>\n<p><a href=\"https:\/\/dictionary.patrikrosa.sk\/sk\/\" title=\"read more...\">Read more<\/a><\/p>","protected":false},"author":1,"featured_media":0,"parent":0,"menu_order":0,"comment_status":"closed","ping_status":"closed","template":"","meta":{"footnotes":""},"class_list":["post-6","page","type-page","status-publish","hentry"],"_links":{"self":[{"href":"https:\/\/dictionary.patrikrosa.sk\/sk\/wp-json\/wp\/v2\/pages\/6","targetHints":{"allow":["GET"]}}],"collection":[{"href":"https:\/\/dictionary.patrikrosa.sk\/sk\/wp-json\/wp\/v2\/pages"}],"about":[{"href":"https:\/\/dictionary.patrikrosa.sk\/sk\/wp-json\/wp\/v2\/types\/page"}],"author":[{"embeddable":true,"href":"https:\/\/dictionary.patrikrosa.sk\/sk\/wp-json\/wp\/v2\/users\/1"}],"replies":[{"embeddable":true,"href":"https:\/\/dictionary.patrikrosa.sk\/sk\/wp-json\/wp\/v2\/comments?post=6"}],"version-history":[{"count":8,"href":"https:\/\/dictionary.patrikrosa.sk\/sk\/wp-json\/wp\/v2\/pages\/6\/revisions"}],"predecessor-version":[{"id":58,"href":"https:\/\/dictionary.patrikrosa.sk\/sk\/wp-json\/wp\/v2\/pages\/6\/revisions\/58"}],"wp:attachment":[{"href":"https:\/\/dictionary.patrikrosa.sk\/sk\/wp-json\/wp\/v2\/media?parent=6"}],"curies":[{"name":"wp","href":"https:\/\/api.w.org\/{rel}","templated":true}]}}